{"id":37,"date":"2024-04-25T06:46:35","date_gmt":"2024-04-25T06:46:35","guid":{"rendered":"https:\/\/www.mielikinmetsa.fi\/?page_id=37"},"modified":"2025-04-08T08:26:21","modified_gmt":"2025-04-08T08:26:21","slug":"paja","status":"publish","type":"page","link":"https:\/\/www.mielikinmetsa.fi\/en\/paja\/","title":{"rendered":"Saunotus  - trainings"},"content":{"rendered":"<div data-elementor-type=\"wp-page\" data-elementor-id=\"37\" class=\"elementor elementor-37\">\n\t\t\t\t<div class=\"elementor-element elementor-element-3f9fd13 e-flex e-con-boxed e-con e-parent\" data-id=\"3f9fd13\" data-element_type=\"container\" data-e-type=\"container\" data-settings=\"{&quot;background_background&quot;:&quot;classic&quot;}\">\n\t\t\t\t\t<div class=\"e-con-inner\">\n\t\t\t\t<div class=\"elementor-element elementor-element-7eadf4a elementor-widget elementor-widget-text-editor\" data-id=\"7eadf4a\" data-element_type=\"widget\" data-e-type=\"widget\" data-widget_type=\"text-editor.default\">\n\t\t\t\t<div class=\"elementor-widget-container\">\n\t\t\t\t\t\t\t\t\t<h2>Would you like to learn sauna healing or Saunotus -the Finnish style sauna ritual?<\/h2><p>Multisensory sauna rituals for groups and individuals\u00a0<\/p><p>Sauna healing rituals individuals according to the Finnish folkhealing.<\/p>\t\t\t\t\t\t\t\t<\/div>\n\t\t\t\t<\/div>\n\t\t\t\t\t<\/div>\n\t\t\t\t<\/div>\n\t\t<div class=\"elementor-element elementor-element-201e373 e-flex e-con-boxed e-con e-parent\" data-id=\"201e373\" data-element_type=\"container\" data-e-type=\"container\" data-settings=\"{&quot;background_background&quot;:&quot;classic&quot;}\">\n\t\t\t\t\t<div class=\"e-con-inner\">\n\t\t\t\t<div class=\"elementor-element elementor-element-056960a elementor-widget elementor-widget-text-editor\" data-id=\"056960a\" data-element_type=\"widget\" data-e-type=\"widget\" data-widget_type=\"text-editor.default\">\n\t\t\t\t<div class=\"elementor-widget-container\">\n\t\t\t\t\t\t\t\t\t<p>Sauna healing - the art of sauna bathing<\/p><p>Saunotus is a guided  sauna ritual that is based on the Finnish sauna heritage. With the aid of vihtas (saunawhisks) and the guidance of l\u00f6yly (sauna steam) you will guide the participants to deep relaxation.\u00a0<\/p><p>Learn to share insights on the deeper meaning of sauna culture and guide safe sauna practices.<\/p><p>Healing touch of the forest - let the wisdom of nature guide you to balance and harmony.\u00a0<\/p>\t\t\t\t\t\t\t\t<\/div>\n\t\t\t\t<\/div>\n\t\t\t\t\t<\/div>\n\t\t\t\t<\/div>\n\t\t<div class=\"elementor-element elementor-element-9918caa e-flex e-con-boxed e-con e-parent\" data-id=\"9918caa\" data-element_type=\"container\" data-e-type=\"container\" data-settings=\"{&quot;background_background&quot;:&quot;classic&quot;}\">\n\t\t\t\t\t<div class=\"e-con-inner\">\n\t\t<div class=\"elementor-element elementor-element-e69de71 e-con-full e-flex e-con e-child\" data-id=\"e69de71\" data-element_type=\"container\" data-e-type=\"container\" data-settings=\"{&quot;background_background&quot;:&quot;classic&quot;}\">\n\t\t\t\t<div class=\"elementor-element elementor-element-0b2f460 elementor-widget elementor-widget-text-editor\" data-id=\"0b2f460\" data-element_type=\"widget\" data-e-type=\"widget\" data-widget_type=\"text-editor.default\">\n\t\t\t\t<div class=\"elementor-widget-container\">\n\t\t\t\t\t\t\t\t\t<h3>Saunotus practitioner<\/h3><p>Saunotus - the guided sauna rituals based on the Finnish tradition.<\/p><ul><li>Herbal healing and vihta treatments<\/li><li>Elemental meditation and guided ceremonies<\/li><li>Sound healing - songs and sounds<\/li><li>Empowering everyone to be their own sauna master - let the wisdom of you body guide you<\/li><\/ul>\t\t\t\t\t\t\t\t<\/div>\n\t\t\t\t<\/div>\n\t\t\t\t<\/div>\n\t\t<div class=\"elementor-element elementor-element-146186d e-con-full e-flex e-con e-child\" data-id=\"146186d\" data-element_type=\"container\" data-e-type=\"container\">\n\t\t\t\t<div class=\"elementor-element elementor-element-962e3b4 elementor-widget elementor-widget-text-editor\" data-id=\"962e3b4\" data-element_type=\"widget\" data-e-type=\"widget\" data-widget_type=\"text-editor.default\">\n\t\t\t\t<div class=\"elementor-widget-container\">\n\t\t\t\t\t\t\t\t\t<h3>Saunotus -training<\/h3><p>Teaching are based on the Finnish folkhealing and mythology. \n\nDo you have your own sauna? Would you like to host Saunotus -ritual at your place? Invite me to host a 3-5 day training and get the keys to the art of hosting Finnish style sauna rituals!\n-&gt; sauna.akka@gmail.com\u00a0<\/p><p>&#8211; &gt;<a href=\"http:\/\/www.saunakoulutus.fi\"> I teach the traditional way - by experience.\u00a0<\/a><\/p>\t\t\t\t\t\t\t\t<\/div>\n\t\t\t\t<\/div>\n\t\t\t\t<\/div>\n\t\t\t\t\t<\/div>\n\t\t\t\t<\/div>\n\t\t<div class=\"elementor-element elementor-element-6213cc1 e-flex e-con-boxed e-con e-parent\" data-id=\"6213cc1\" data-element_type=\"container\" data-e-type=\"container\" data-settings=\"{&quot;background_background&quot;:&quot;classic&quot;}\">\n\t\t\t\t\t<div class=\"e-con-inner\">\n\t\t\t\t<div class=\"elementor-element elementor-element-abda2cc elementor-align-center elementor-widget elementor-widget-button\" data-id=\"abda2cc\" data-element_type=\"widget\" data-e-type=\"widget\" data-widget_type=\"button.default\">\n\t\t\t\t<div class=\"elementor-widget-container\">\n\t\t\t\t\t\t\t\t\t<div class=\"elementor-button-wrapper\">\n\t\t\t\t\t<a class=\"elementor-button elementor-button-link elementor-size-sm\" href=\"https:\/\/www.saunahealer.com\" target=\"_blank\">\n\t\t\t\t\t\t<span class=\"elementor-button-content-wrapper\">\n\t\t\t\t\t\t\t\t\t<span class=\"elementor-button-text\">Saunotus - training and retreats<\/span>\n\t\t\t\t\t<\/span>\n\t\t\t\t\t<\/a>\n\t\t\t\t<\/div>\n\t\t\t\t\t\t\t\t<\/div>\n\t\t\t\t<\/div>\n\t\t\t\t\t<\/div>\n\t\t\t\t<\/div>\n\t\t\t\t<\/div>","protected":false},"excerpt":{"rendered":"<p>Perinneviisaus k\u00e4yt\u00e4nt\u00f6\u00f6n, tulisiko sinusta saunottaja? Saunarituaaleja vuodenkierron sek\u00e4 el\u00e4m\u00e4nkaaren taitekohtiin.\u00a0 Saunottajakoulutuksessa opit yksil\u00f6saunotusten ja saunahoitojen\u00a0lis\u00e4ksi ohjaamaan saunaseremonioita ryhmille. Mit\u00e4 ovat runolaulut ja loitsut? Kieli kielen tuolla puolen, loitsut, luomisen sanat, luotteet. Sanoilla luot maailmasi.\u00a0 Saunottaja -koulutuksessa tutustutaan runolaulu- ja loitsuperinteeseen. Mytologian kieli, loitsujen kieli, tarjoaa mahdollisuuden ilmaisulle, luomisty\u00f6lle, sanoille sanojen, eli ajan sek\u00e4 paikan rajojen [&hellip;]<\/p>\n","protected":false},"author":2,"featured_media":0,"parent":0,"menu_order":0,"comment_status":"closed","ping_status":"closed","template":"","meta":{"om_disable_all_campaigns":false,"_monsterinsights_skip_tracking":false,"_monsterinsights_sitenote_active":false,"_monsterinsights_sitenote_note":"","_monsterinsights_sitenote_category":0,"_uf_show_specific_survey":0,"_uf_disable_surveys":false,"footnotes":""},"class_list":["post-37","page","type-page","status-publish","hentry"],"aioseo_notices":[],"_links":{"self":[{"href":"https:\/\/www.mielikinmetsa.fi\/en\/wp-json\/wp\/v2\/pages\/37","targetHints":{"allow":["GET"]}}],"collection":[{"href":"https:\/\/www.mielikinmetsa.fi\/en\/wp-json\/wp\/v2\/pages"}],"about":[{"href":"https:\/\/www.mielikinmetsa.fi\/en\/wp-json\/wp\/v2\/types\/page"}],"author":[{"embeddable":true,"href":"https:\/\/www.mielikinmetsa.fi\/en\/wp-json\/wp\/v2\/users\/2"}],"replies":[{"embeddable":true,"href":"https:\/\/www.mielikinmetsa.fi\/en\/wp-json\/wp\/v2\/comments?post=37"}],"version-history":[{"count":49,"href":"https:\/\/www.mielikinmetsa.fi\/en\/wp-json\/wp\/v2\/pages\/37\/revisions"}],"predecessor-version":[{"id":856,"href":"https:\/\/www.mielikinmetsa.fi\/en\/wp-json\/wp\/v2\/pages\/37\/revisions\/856"}],"wp:attachment":[{"href":"https:\/\/www.mielikinmetsa.fi\/en\/wp-json\/wp\/v2\/media?parent=37"}],"curies":[{"name":"wp","href":"https:\/\/api.w.org\/{rel}","templated":true}]}}