{"id":943,"date":"2026-04-20T05:21:25","date_gmt":"2026-04-20T05:21:25","guid":{"rendered":"https:\/\/www.mielikinmetsa.fi\/?page_id=943"},"modified":"2026-04-20T05:24:57","modified_gmt":"2026-04-20T05:24:57","slug":"perinneloylyt-kirja","status":"publish","type":"page","link":"https:\/\/www.mielikinmetsa.fi\/en\/perinneloylyt-kirja\/","title":{"rendered":"The Book"},"content":{"rendered":"<div data-elementor-type=\"wp-page\" data-elementor-id=\"943\" class=\"elementor elementor-943\">\n\t\t\t\t<div class=\"elementor-element elementor-element-281c103 e-flex e-con-boxed e-con e-parent\" data-id=\"281c103\" data-element_type=\"container\" data-e-type=\"container\">\n\t\t\t\t\t<div class=\"e-con-inner\">\n\t\t\t\t<div class=\"elementor-element elementor-element-8644938 elementor-widget elementor-widget-heading\" data-id=\"8644938\" data-element_type=\"widget\" data-e-type=\"widget\" data-widget_type=\"heading.default\">\n\t\t\t\t<div class=\"elementor-widget-container\">\n\t\t\t\t\t<h2 class=\"elementor-heading-title elementor-size-default\"><a href=\"https:\/\/kirjat.finlit.fi\/sivu\/tuote\/perinneloylyt\/5534890\">Perinnel\u00f6ylyt  - vuosi saunassa<\/a><\/h2>\t\t\t\t<\/div>\n\t\t\t\t<\/div>\n\t\t\t\t\t<\/div>\n\t\t\t\t<\/div>\n\t\t<div class=\"elementor-element elementor-element-38f2667 e-flex e-con-boxed e-con e-parent\" data-id=\"38f2667\" data-element_type=\"container\" data-e-type=\"container\">\n\t\t\t\t\t<div class=\"e-con-inner\">\n\t\t<div class=\"elementor-element elementor-element-c9f6fbc e-con-full e-flex e-con e-child\" data-id=\"c9f6fbc\" data-element_type=\"container\" data-e-type=\"container\">\n\t\t\t\t<div class=\"elementor-element elementor-element-e46dcde elementor-widget elementor-widget-text-editor\" data-id=\"e46dcde\" data-element_type=\"widget\" data-e-type=\"widget\" data-widget_type=\"text-editor.default\">\n\t\t\t\t<div class=\"elementor-widget-container\">\n\t\t\t\t\t\t\t\t\t<p>Your guide to Finnish sauna rituals. \n\nComing in english soon!<br \/><br \/>Stay tuned.<\/p>\t\t\t\t\t\t\t\t<\/div>\n\t\t\t\t<\/div>\n\t\t\t\t<\/div>\n\t\t<div class=\"elementor-element elementor-element-e6591e5 e-con-full e-flex e-con e-child\" data-id=\"e6591e5\" data-element_type=\"container\" data-e-type=\"container\">\n\t\t\t\t<div class=\"elementor-element elementor-element-c68a171 elementor-widget elementor-widget-image\" data-id=\"c68a171\" data-element_type=\"widget\" data-e-type=\"widget\" data-widget_type=\"image.default\">\n\t\t\t\t<div class=\"elementor-widget-container\">\n\t\t\t\t\t\t\t\t\t\t\t\t\t\t\t<img fetchpriority=\"high\" decoding=\"async\" width=\"419\" height=\"615\" src=\"https:\/\/www.mielikinmetsa.fi\/wp-content\/uploads\/2026\/04\/Screenshot-2026-04-20-082039.png\" class=\"attachment-large size-large wp-image-945\" alt=\"\" srcset=\"https:\/\/www.mielikinmetsa.fi\/wp-content\/uploads\/2026\/04\/Screenshot-2026-04-20-082039.png 419w, https:\/\/www.mielikinmetsa.fi\/wp-content\/uploads\/2026\/04\/Screenshot-2026-04-20-082039-204x300.png 204w, https:\/\/www.mielikinmetsa.fi\/wp-content\/uploads\/2026\/04\/Screenshot-2026-04-20-082039-8x12.png 8w\" sizes=\"(max-width: 419px) 100vw, 419px\" \/>\t\t\t\t\t\t\t\t\t\t\t\t\t\t\t<\/div>\n\t\t\t\t<\/div>\n\t\t\t\t<\/div>\n\t\t\t\t\t<\/div>\n\t\t\t\t<\/div>\n\t\t\t\t<\/div>","protected":false},"excerpt":{"rendered":"<p>Perinnel\u00f6ylyt &#8211; vuosi saunassa Miten valmistetaan perinteinen saunavihta, turvehoito tai loitsulla siunattu l\u00f6ylyvesi? Miksi eri vuodenaikoina saunassa k\u00e4ytettiin tammea, pajua tai m\u00e4nty\u00e4? Mik\u00e4 loitsu kuuluu ensil\u00f6ylyyn ja miksi sit\u00e4 ei kannata j\u00e4tt\u00e4\u00e4 lausumatta? Milt\u00e4 tuntuisi kokeilla vuodenkierron saunarituaalia tammisaunasta juhannuksen lemmenl\u00f6ylyihin? Saunotus -kouluttaja ja kokenut saunottaja Laura Foon, \u201cSauna-Akka\u201d, johdattaa saunojan matkalle pohjoista vuodenkiertoa seuraaviin [&hellip;]<\/p>\n","protected":false},"author":1,"featured_media":945,"parent":0,"menu_order":0,"comment_status":"closed","ping_status":"closed","template":"","meta":{"om_disable_all_campaigns":false,"_monsterinsights_skip_tracking":false,"_monsterinsights_sitenote_active":false,"_monsterinsights_sitenote_note":"","_monsterinsights_sitenote_category":0,"_uf_show_specific_survey":0,"_uf_disable_surveys":false,"footnotes":""},"class_list":["post-943","page","type-page","status-publish","has-post-thumbnail","hentry"],"aioseo_notices":[],"_links":{"self":[{"href":"https:\/\/www.mielikinmetsa.fi\/en\/wp-json\/wp\/v2\/pages\/943","targetHints":{"allow":["GET"]}}],"collection":[{"href":"https:\/\/www.mielikinmetsa.fi\/en\/wp-json\/wp\/v2\/pages"}],"about":[{"href":"https:\/\/www.mielikinmetsa.fi\/en\/wp-json\/wp\/v2\/types\/page"}],"author":[{"embeddable":true,"href":"https:\/\/www.mielikinmetsa.fi\/en\/wp-json\/wp\/v2\/users\/1"}],"replies":[{"embeddable":true,"href":"https:\/\/www.mielikinmetsa.fi\/en\/wp-json\/wp\/v2\/comments?post=943"}],"version-history":[{"count":7,"href":"https:\/\/www.mielikinmetsa.fi\/en\/wp-json\/wp\/v2\/pages\/943\/revisions"}],"predecessor-version":[{"id":952,"href":"https:\/\/www.mielikinmetsa.fi\/en\/wp-json\/wp\/v2\/pages\/943\/revisions\/952"}],"wp:featuredmedia":[{"embeddable":true,"href":"https:\/\/www.mielikinmetsa.fi\/en\/wp-json\/wp\/v2\/media\/945"}],"wp:attachment":[{"href":"https:\/\/www.mielikinmetsa.fi\/en\/wp-json\/wp\/v2\/media?parent=943"}],"curies":[{"name":"wp","href":"https:\/\/api.w.org\/{rel}","templated":true}]}}